{"id":712,"date":"2023-09-25T09:56:42","date_gmt":"2023-09-25T12:56:42","guid":{"rendered":"http:\/\/acuaticexplorer.com\/tienda\/?post_type=product&#038;p=712"},"modified":"2024-09-06T23:29:12","modified_gmt":"2024-09-07T02:29:12","slug":"i9-base","status":"publish","type":"product","link":"https:\/\/acuaticexplorer.com\/tienda\/producto\/i9-base\/","title":{"rendered":"I9 Base"},"content":{"rendered":"<div class=\"product-desc-content\">\n<h4>Repuesto Acuatic Explorer: I9 Base<\/h4>\n<h4 class=\"title\">Acuatic Explorer tu <strong>Limpia piscina<\/strong> autom\u00e1tico :<\/h4>\n<p>El limpia piscina autom\u00e1tico <strong>Acuatic Explorer<\/strong> es compatible con todo tipo de piscinas y con las formas m\u00e1s variadas: con \u00e1ngulos rectos, con fondo abovedado, cuadradas, rectangulares, arri\u00f1onadas, etc. Cada una llevar\u00e1 un ajuste exclusivo para optimizar el rendimiento del sistema Acuatic Explorer.<\/p>\n<h4 class=\"title\">Caracter\u00edsticas principales :<\/h4>\n<ul class=\"product-desc-list list-wrap\">\n<li>Ahorro de gasto el\u00e9ctrico, limpia mientras filtra su piscina.<\/li>\n<li>Ahorro en gasto de agua, funciona en la opci\u00f3n de filtrado, no env\u00eda agua al desagote.<\/li>\n<li>Ahorro en gasto de productos qu\u00edmicos, recircula el agua en el per\u00edodo de filtrado, no desequilibra en PH.<\/li>\n<li>Compatible con todo tipo de piscina.<\/li>\n<li>F\u00e1cil de armar.<\/li>\n<li>Trabaja como un robot 100% autom\u00e1tico.<\/li>\n<\/ul>\n<\/div>\n","protected":false},"excerpt":{"rendered":"<p><strong>Acuatic Explorer<\/strong>\u00a0es un limpiapiscina autom\u00e1tico que no requiere de alimentaci\u00f3n el\u00e9ctrica para su funcionamiento. Utiliza la potencia hidr\u00e1ulica de su sistema de filtrado Standard (m\u00ednimo \u00bd HP).<\/p>\n","protected":false},"featured_media":465,"template":"","meta":{"_acf_changed":false,"om_disable_all_campaigns":false,"_uf_show_specific_survey":0,"_uf_disable_surveys":false},"product_brand":[],"product_cat":[50],"product_tag":[48],"class_list":{"0":"post-712","1":"product","2":"type-product","3":"status-publish","4":"has-post-thumbnail","6":"product_cat-repuesto","7":"product_tag-limpiapiscina","9":"first","10":"instock","11":"taxable","12":"shipping-taxable","13":"purchasable","14":"product-type-simple"},"acf":[],"aioseo_notices":[],"_links":{"self":[{"href":"https:\/\/acuaticexplorer.com\/tienda\/wp-json\/wp\/v2\/product\/712","targetHints":{"allow":["GET"]}}],"collection":[{"href":"https:\/\/acuaticexplorer.com\/tienda\/wp-json\/wp\/v2\/product"}],"about":[{"href":"https:\/\/acuaticexplorer.com\/tienda\/wp-json\/wp\/v2\/types\/product"}],"wp:featuredmedia":[{"embeddable":true,"href":"https:\/\/acuaticexplorer.com\/tienda\/wp-json\/wp\/v2\/media\/465"}],"wp:attachment":[{"href":"https:\/\/acuaticexplorer.com\/tienda\/wp-json\/wp\/v2\/media?parent=712"}],"wp:term":[{"taxonomy":"product_brand","embeddable":true,"href":"https:\/\/acuaticexplorer.com\/tienda\/wp-json\/wp\/v2\/product_brand?post=712"},{"taxonomy":"product_cat","embeddable":true,"href":"https:\/\/acuaticexplorer.com\/tienda\/wp-json\/wp\/v2\/product_cat?post=712"},{"taxonomy":"product_tag","embeddable":true,"href":"https:\/\/acuaticexplorer.com\/tienda\/wp-json\/wp\/v2\/product_tag?post=712"}],"curies":[{"name":"wp","href":"https:\/\/api.w.org\/{rel}","templated":true}]}}